{"id":183,"date":"2018-03-07T10:34:09","date_gmt":"2018-03-07T10:34:09","guid":{"rendered":"http:\/\/bridge176.qodeinteractive.com\/?page_id=183"},"modified":"2025-09-15T14:55:03","modified_gmt":"2025-09-15T14:55:03","slug":"hakkimizda","status":"publish","type":"page","link":"https:\/\/mersglobal.com\/tr\/hakkimizda\/","title":{"rendered":"Hakk\u0131m\u0131zda"},"content":{"rendered":"<p>[vc_row css_animation=&#8221;&#8221; row_type=&#8221;row&#8221; use_row_as_full_screen_section=&#8221;no&#8221; type=&#8221;grid&#8221; angled_section=&#8221;no&#8221; text_align=&#8221;left&#8221; background_image_as_pattern=&#8221;without_pattern&#8221; padding_top=&#8221;50&#8243; padding_bottom=&#8221;37&#8243; css=&#8221;.vc_custom_1683361692263{background-image: url(http:\/\/bridge176.qodeinteractive.com\/wp-content\/uploads\/2018\/03\/about-background-1.jpg?id=187) !important;background-position: center !important;background-repeat: no-repeat !important;background-size: cover !important;}&#8221; z_index=&#8221;&#8221;][vc_column width=&#8221;1\/2&#8243; offset=&#8221;vc_col-md-5&#8243;][qode_elements_holder number_of_columns=&#8221;one_column&#8221;][qode_elements_holder_item advanced_animations=&#8221;no&#8221; item_padding=&#8221;0 0 0 0&#8243; item_padding_480_600=&#8221;0 0 80px 0&#8243; item_padding_480=&#8221;0 0 80px 0&#8243;][vc_single_image image=&#8221;4271&#8243; img_size=&#8221;full&#8221; qode_css_animation=&#8221;&#8221;][\/qode_elements_holder_item][\/qode_elements_holder][\/vc_column][vc_column width=&#8221;1\/2&#8243;][qode_elements_holder number_of_columns=&#8221;one_column&#8221;][qode_elements_holder_item advanced_animations=&#8221;no&#8221; item_padding=&#8221;40px 0px 0 40px&#8221; item_padding_768_1024=&#8221;20px 0px 0 0px&#8221; item_padding_480_600=&#8221;0 0 0 0&#8243; item_padding_480=&#8221;0 0 0 0&#8243;][vc_column_text]<\/p>\n<p class=\"p1\" style=\"text-align: center;\">\u0130hracat odakl\u0131 bir yakla\u015f\u0131m ile T\u00fcrkiye\u2019nin Konya ilinde kurulan firmam\u0131z filtrasyon sekt\u00f6r\u00fcnde hizmet vermektedir. \u00d6zellikle end\u00fcstriyel filtrasyon sekt\u00f6r\u00fcndeki tecr\u00fcbemiz ile \u00f6zel filtre ihtiya\u00e7lar\u0131n\u0131za do\u011fru \u00e7\u00f6z\u00fcmler sunmaktay\u0131z. Mers Global olarak, m\u00fc\u015fteri memnuniyetini en \u00fcst d\u00fczeyde tutarak, farkl\u0131 tip ve \u00f6zellikteki \u00fcr\u00fcnlerimizle geni\u015f bir m\u00fc\u015fteri portf\u00f6y\u00fcne hizmet vermekteyiz.<\/p>\n<p>[\/vc_column_text][\/qode_elements_holder_item][\/qode_elements_holder][\/vc_column][\/vc_row][vc_row css_animation=&#8221;&#8221; row_type=&#8221;row&#8221; use_row_as_full_screen_section=&#8221;no&#8221; type=&#8221;grid&#8221; angled_section=&#8221;no&#8221; text_align=&#8221;left&#8221; background_image_as_pattern=&#8221;without_pattern&#8221; padding_top=&#8221;50&#8243; padding_bottom=&#8221;37&#8243; css=&#8221;.vc_custom_1683362468500{background-color: #ffffff !important;background-position: center !important;background-repeat: no-repeat !important;background-size: cover !important;}&#8221; z_index=&#8221;&#8221;][vc_column width=&#8221;1\/2&#8243; offset=&#8221;vc_col-md-5&#8243;][qode_elements_holder number_of_columns=&#8221;one_column&#8221;][qode_elements_holder_item advanced_animations=&#8221;no&#8221; item_padding=&#8221;40px 0px 0 40px&#8221; item_padding_768_1024=&#8221;20px 0px 0 0px&#8221; item_padding_480_600=&#8221;0 0 0 0&#8243; item_padding_480=&#8221;0 0 0 0&#8243;][vc_empty_space height=&#8221;50px&#8221;][vc_column_text]<\/p>\n<p class=\"p1\" style=\"text-align: center;\"><strong>Misyonumuz:<br \/>\n<\/strong>Son teknolojik sistemler ile \u00fcretilmi\u015f, g\u00fcvenilir filtrelerimizi 7\/24 eri\u015fimle zaman\u0131nda kar\u015f\u0131l\u0131yoruz.<\/p>\n<p>&nbsp;<\/p>\n<p class=\"p1\" style=\"text-align: center;\"><strong>Vizyonumuz:<br \/>\n<\/strong>M\u00fc\u015fterilerimizle filtreleri tutku ile bulu\u015fturan, hayata de\u011fer katan, yenilik\u00e7i, uzun soluklu ve g\u00fcvenilir bir partner olmak.<\/p>\n<p>[\/vc_column_text][vc_empty_space height=&#8221;50px&#8221;][\/qode_elements_holder_item][\/qode_elements_holder][\/vc_column][vc_column width=&#8221;1\/2&#8243;][qode_elements_holder number_of_columns=&#8221;one_column&#8221;][qode_elements_holder_item advanced_animations=&#8221;no&#8221; item_padding=&#8221;0 0 0 0&#8243; item_padding_480_600=&#8221;0 0 80px 0&#8243; item_padding_480=&#8221;0 0 80px 0&#8243;][vc_single_image image=&#8221;3562&#8243; img_size=&#8221;large&#8221; qode_css_animation=&#8221;&#8221;][\/qode_elements_holder_item][\/qode_elements_holder][\/vc_column][\/vc_row][vc_row css_animation=&#8221;&#8221; row_type=&#8221;row&#8221; use_row_as_full_screen_section=&#8221;no&#8221; type=&#8221;grid&#8221; angled_section=&#8221;no&#8221; text_align=&#8221;left&#8221; background_image_as_pattern=&#8221;without_pattern&#8221; padding_top=&#8221;25&#8243; padding_bottom=&#8221;25&#8243; z_index=&#8221;2&#8243; css=&#8221;.vc_custom_1683362851078{background-color: #ffffff !important;background-position: center !important;background-repeat: no-repeat !important;background-size: cover !important;}&#8221;][vc_column width=&#8221;1\/2&#8243;][qode_elements_holder number_of_columns=&#8221;one_column&#8221;][qode_elements_holder_item advanced_animations=&#8221;no&#8221; item_padding=&#8221;0 49px 0 10px&#8221; item_padding_768_1024=&#8221;0 0 0 0&#8243; item_padding_600_768=&#8221;0 0 0 0&#8243; item_padding_480_600=&#8221;0 0 0 0&#8243; item_padding_480=&#8221;0 0 0 0&#8243;][vc_single_image image=&#8221;3726&#8243; img_size=&#8221;full&#8221; qode_css_animation=&#8221;&#8221;][\/qode_elements_holder_item][\/qode_elements_holder][\/vc_column][vc_column width=&#8221;1\/2&#8243;][qode_elements_holder number_of_columns=&#8221;one_column&#8221;][qode_elements_holder_item advanced_animations=&#8221;no&#8221; item_padding=&#8221;42px 193px 0 51px&#8221; item_padding_1280_1440=&#8221;6px 30px 0 51px&#8221; item_padding_768_1024=&#8221;0 0 0 0&#8243; item_padding_600_768=&#8221;6px 56px 50px 9px&#8221; item_padding_480_600=&#8221;0px 0px 50px 0px&#8221; item_padding_480=&#8221;0px 0px 50px 0px&#8221;][vc_column_text]<\/p>\n<h2><span style=\"color: #515f6b;\">Lojistik<\/span><\/h2>\n<p>[\/vc_column_text][vc_column_text]<\/p>\n<h5><span style=\"color: #000000;\">D\u00fcnyan\u0131n neresinde olursan\u0131z olun \u00fcr\u00fcnlerimizi size en h\u0131zl\u0131 ve g\u00fcvenli bir \u015fekilde ula\u015ft\u0131r\u0131yoruz.<\/span><\/h5>\n<p>[\/vc_column_text][vc_empty_space height=&#8221;38px&#8221;][vc_column_text]<\/p>\n<h2><span style=\"color: #515f6b;\">Hizmet<\/span><\/h2>\n<p>[\/vc_column_text][vc_column_text]<\/p>\n<h5><span style=\"color: #000000;\">Alan\u0131nda uzman gen\u00e7 ve dinamik kadromuz ile ihtiya\u00e7lar\u0131n\u0131z\u0131 7\/24 kar\u015f\u0131lamak i\u00e7in buraday\u0131z.<\/span><\/h5>\n<p>[\/vc_column_text][\/qode_elements_holder_item][\/qode_elements_holder][\/vc_column][\/vc_row][vc_row css_animation=&#8221;&#8221; row_type=&#8221;row&#8221; use_row_as_full_screen_section=&#8221;no&#8221; type=&#8221;grid&#8221; angled_section=&#8221;no&#8221; text_align=&#8221;left&#8221; background_image_as_pattern=&#8221;without_pattern&#8221; padding_top=&#8221;25&#8243; padding_bottom=&#8221;25&#8243; z_index=&#8221;2&#8243; css=&#8221;.vc_custom_1683362830555{background-color: #ffffff !important;background-position: center !important;background-repeat: no-repeat !important;background-size: cover !important;}&#8221;][vc_column][vc_row_inner row_type=&#8221;row&#8221; type=&#8221;full_width&#8221; text_align=&#8221;left&#8221; css_animation=&#8221;&#8221; padding_bottom=&#8221;40&#8243;][vc_column_inner offset=&#8221;vc_col-md-6&#8243;][qode_elements_holder number_of_columns=&#8221;one_column&#8221;][qode_elements_holder_item advanced_animations=&#8221;no&#8221; item_padding=&#8221;42px 193px 0 51px&#8221; item_padding_1280_1440=&#8221;6px 30px 0 51px&#8221; item_padding_768_1024=&#8221;0 0 0 0&#8243; item_padding_600_768=&#8221;6px 56px 50px 9px&#8221; item_padding_480_600=&#8221;0px 0px 50px 0px&#8221; item_padding_480=&#8221;0px 0px 50px 0px&#8221;][vc_column_text]<\/p>\n<h2><span style=\"color: #515f6b;\">Kalite<\/span><\/h2>\n<p>[\/vc_column_text][vc_column_text]<\/p>\n<h5><span style=\"color: #000000;\">OEM kalitesine sahip tedarik\u00e7ilerimiz ve 4500 \u00e7e\u015fit geni\u015f \u00fcr\u00fcn \u00e7e\u015fidimiz ile her zaman hizmetinizdeyiz.<\/span><\/h5>\n<p>[\/vc_column_text][vc_empty_space height=&#8221;38px&#8221;][vc_column_text]<\/p>\n<h2><span style=\"color: #515f6b;\">Yenilik<\/span><\/h2>\n<p>[\/vc_column_text][vc_column_text]<\/p>\n<h5><span style=\"color: #000000;\">En yeni u\u0308ru\u0308nleri sizin i\u00e7in takip ediyor ve kullan\u0131m\u0131n\u0131za sunuyoruz.<\/span><\/h5>\n<p>[\/vc_column_text][\/qode_elements_holder_item][\/qode_elements_holder][\/vc_column_inner][vc_column_inner offset=&#8221;vc_col-md-6&#8243;][qode_elements_holder number_of_columns=&#8221;one_column&#8221;][qode_elements_holder_item advanced_animations=&#8221;no&#8221; item_padding=&#8221;0 49px 0 10px&#8221; item_padding_768_1024=&#8221;0 0 0 0&#8243; item_padding_600_768=&#8221;0 0 0 0&#8243; item_padding_480_600=&#8221;0 0 0 0&#8243; item_padding_480=&#8221;0 0 0 0&#8243;][vc_single_image image=&#8221;3727&#8243; img_size=&#8221;full&#8221; qode_css_animation=&#8221;&#8221;][\/qode_elements_holder_item][\/qode_elements_holder][\/vc_column_inner][\/vc_row_inner][\/vc_column][\/vc_row]<\/p>\n","protected":false},"excerpt":{"rendered":"<p>[vc_row css_animation=&#8221;&#8221; row_type=&#8221;row&#8221; use_row_as_full_screen_section=&#8221;no&#8221; type=&#8221;grid&#8221; angled_section=&#8221;no&#8221; text_align=&#8221;left&#8221; background_image_as_pattern=&#8221;without_pattern&#8221; padding_top=&#8221;50&#8243; padding_bottom=&#8221;37&#8243; css=&#8221;.vc_custom_1683361692263{background-image: url(http:\/\/bridge176.qodeinteractive.com\/wp-content\/uploads\/2018\/03\/about-background-1.jpg?id=187) !important;background-position: center !important;background-repeat: no-repeat !important;background-size: cover !important;}&#8221; z_index=&#8221;&#8221;][vc_column width=&#8221;1\/2&#8243; offset=&#8221;vc_col-md-5&#8243;][qode_elements_holder number_of_columns=&#8221;one_column&#8221;][qode_elements_holder_item advanced_animations=&#8221;no&#8221; item_padding=&#8221;0 0 0 0&#8243; item_padding_480_600=&#8221;0 0 80px 0&#8243; item_padding_480=&#8221;0 0 80px 0&#8243;][vc_single_image image=&#8221;4271&#8243; img_size=&#8221;full&#8221; qode_css_animation=&#8221;&#8221;][\/qode_elements_holder_item][\/qode_elements_holder][\/vc_column][vc_column width=&#8221;1\/2&#8243;][qode_elements_holder number_of_columns=&#8221;one_column&#8221;][qode_elements_holder_item advanced_animations=&#8221;no&#8221; item_padding=&#8221;40px 0px 0&#8230;<\/p>\n","protected":false},"author":1,"featured_media":0,"parent":0,"menu_order":0,"comment_status":"closed","ping_status":"closed","template":"full_width.php","meta":{"_monsterinsights_skip_tracking":false,"_monsterinsights_sitenote_active":false,"_monsterinsights_sitenote_note":"","_monsterinsights_sitenote_category":0,"footnotes":""},"class_list":["post-183","page","type-page","status-publish","hentry"],"aioseo_notices":[],"_links":{"self":[{"href":"https:\/\/mersglobal.com\/tr\/wp-json\/wp\/v2\/pages\/183","targetHints":{"allow":["GET"]}}],"collection":[{"href":"https:\/\/mersglobal.com\/tr\/wp-json\/wp\/v2\/pages"}],"about":[{"href":"https:\/\/mersglobal.com\/tr\/wp-json\/wp\/v2\/types\/page"}],"author":[{"embeddable":true,"href":"https:\/\/mersglobal.com\/tr\/wp-json\/wp\/v2\/users\/1"}],"replies":[{"embeddable":true,"href":"https:\/\/mersglobal.com\/tr\/wp-json\/wp\/v2\/comments?post=183"}],"version-history":[{"count":86,"href":"https:\/\/mersglobal.com\/tr\/wp-json\/wp\/v2\/pages\/183\/revisions"}],"predecessor-version":[{"id":5965,"href":"https:\/\/mersglobal.com\/tr\/wp-json\/wp\/v2\/pages\/183\/revisions\/5965"}],"wp:attachment":[{"href":"https:\/\/mersglobal.com\/tr\/wp-json\/wp\/v2\/media?parent=183"}],"curies":[{"name":"wp","href":"https:\/\/api.w.org\/{rel}","templated":true}]}}