{"id":2571,"date":"2023-04-29T07:50:23","date_gmt":"2023-04-29T07:50:23","guid":{"rendered":"https:\/\/mersglobal.com\/tr\/?page_id=2571"},"modified":"2024-10-01T09:24:17","modified_gmt":"2024-10-01T09:24:17","slug":"kompresor-filtreleri","status":"publish","type":"page","link":"https:\/\/mersglobal.com\/tr\/kompresor-filtreleri\/","title":{"rendered":"Kompres\u00f6r Filtreleri"},"content":{"rendered":"<p>[vc_row css_animation=&#8221;&#8221; row_type=&#8221;row&#8221; use_row_as_full_screen_section=&#8221;no&#8221; type=&#8221;grid&#8221; angled_section=&#8221;no&#8221; text_align=&#8221;left&#8221; background_image_as_pattern=&#8221;without_pattern&#8221; z_index=&#8221;&#8221; padding_top=&#8221;110&#8243; padding_bottom=&#8221;20&#8243;][vc_column][vc_row_inner row_type=&#8221;row&#8221; type=&#8221;full_width&#8221; text_align=&#8221;left&#8221; css_animation=&#8221;&#8221;][vc_column_inner width=&#8221;1\/4&#8243;][qode_elements_holder number_of_columns=&#8221;one_column&#8221;][qode_elements_holder_item advanced_animations=&#8221;no&#8221;]<div class='image_hover ' style='' data-transition-delay=''><div class='images_holder'><img itemprop='image' class='active_image ' src='https:\/\/mersglobal.com\/wp-content\/uploads\/2023\/04\/kompressor_filtre-mers.png' alt='' style='' \/><img itemprop='image' class='hover_image' src='https:\/\/mersglobal.com\/wp-content\/uploads\/2024\/01\/Kompressor-Filtresi.png' alt='' style='' \/><\/div><\/div>[vc_gallery interval=&#8221;3&#8243; images=&#8221;5558,5559,5560,5561,5562,5563,5564,5557,5556,5555,5554,5553,5552,5551,5550,5549,5548,5547,5546,5545,5544,5543,5596,5597,5598,5599,5600,5601,5602,5603,5604,5623,5622,5621,5620,5619,5618,5617&#8243; img_size=&#8221;full&#8221; onclick=&#8221;&#8221;][\/qode_elements_holder_item][\/qode_elements_holder][\/vc_column_inner][vc_column_inner width=&#8221;3\/4&#8243;][qode_elements_holder number_of_columns=&#8221;one_column&#8221;][qode_elements_holder_item advanced_animations=&#8221;no&#8221;][vc_column_text]<\/p>\n<h2 style=\"text-align: left;\">Kompres\u00f6r Filtreleri<\/h2>\n<p>[\/vc_column_text][vc_empty_space height=&#8221;7px&#8221;][vc_column_text]<\/p>\n<p style=\"text-align: justify;\">Hava, ya\u011f ve separat\u00f6r filtreler, \u00e7e\u015fitli end\u00fcstriyel uygulamalarda yayg\u0131n olarak kullan\u0131lan vidal\u0131 kompres\u00f6rlerin temel bile\u015fenleridir.<\/p>\n<p>&nbsp;<\/p>\n<p style=\"text-align: justify;\">Hava filtreleri, kompres\u00f6re giren havadaki tozu, kiri ve di\u011fer kirleticileri uzakla\u015ft\u0131rarak temiz ve verimli bir \u00e7al\u0131\u015fma sa\u011flamak i\u00e7in tasarlanm\u0131\u015ft\u0131r. Bu filtreler tipik olarak kirleticileri tutmak i\u00e7in geni\u015f bir y\u00fczey alan\u0131na sahiptir. Uygulama i\u00e7in gereken safl\u0131k d\u00fczeyine ba\u011fl\u0131 olarak kabadan inceli\u011fe kadar farkl\u0131 filtrasyon derecelerine sahip olabilirler.<\/p>\n<p>&nbsp;<\/p>\n<p style=\"text-align: justify;\">Ya\u011f filtreleri, kompres\u00f6rde dola\u015fan ya\u011fdaki kirleticilerin filtrasyonundan sorumludur. Bu filtreler, kompres\u00f6r\u00fcn i\u00e7 bile\u015fenlerinin a\u015f\u0131nmas\u0131n\u0131 ve y\u0131pranmas\u0131n\u0131 \u00f6nleyerek hizmet \u00f6mr\u00fcn\u00fc uzatmak i\u00e7in \u00e7ok \u00f6nemlidir. Ya\u011f filtreleri genellikle spin-on tiptedir.<\/p>\n<p>&nbsp;<\/p>\n<p style=\"text-align: justify;\">Separat\u00f6r filtreler, bas\u0131n\u00e7l\u0131 havadaki ya\u011f\u0131 hava sistemine girmeden \u00f6nce \u00e7\u0131karmak i\u00e7in tasarlanm\u0131\u015ft\u0131r. Bu filtreler tipik olarak, ya\u011f damlac\u0131klar\u0131n\u0131 ge\u00e7erken yakalayan ve sistemden temiz havan\u0131n akmas\u0131na izin veren bir yap\u0131ya sahiptir. Separat\u00f6r filtreler, bas\u0131n\u00e7l\u0131 havan\u0131n kalitesini korumak i\u00e7in \u00e7ok \u00f6nemlidir. Genellikle spin-on ve flan\u015fl\u0131 tipte kullan\u0131lmaktad\u0131r.<\/p>\n<p>[\/vc_column_text][\/qode_elements_holder_item][\/qode_elements_holder][\/vc_column_inner][\/vc_row_inner][\/vc_column][\/vc_row][vc_row css_animation=&#8221;&#8221; row_type=&#8221;row&#8221; use_row_as_full_screen_section=&#8221;no&#8221; type=&#8221;grid&#8221; angled_section=&#8221;no&#8221; text_align=&#8221;left&#8221; background_image_as_pattern=&#8221;without_pattern&#8221; z_index=&#8221;&#8221; css=&#8221;.vc_custom_1683363452946{background-color: #ffffff !important;}&#8221;][vc_column][vc_empty_space height=&#8221;50px&#8221;][vc_column_text]<\/p>\n<h2 style=\"text-align: center;\"><span style=\"color: #515f6b;\">Di\u011fer \u00dcr\u00fcnler<\/span><\/h2>\n<p>[\/vc_column_text][vc_empty_space height=&#8221;50px&#8221;][\/vc_column][\/vc_row][vc_row css_animation=&#8221;&#8221; row_type=&#8221;row&#8221; use_row_as_full_screen_section=&#8221;no&#8221; type=&#8221;grid&#8221; angled_section=&#8221;no&#8221; text_align=&#8221;left&#8221; background_image_as_pattern=&#8221;without_pattern&#8221; z_index=&#8221;&#8221; css=&#8221;.vc_custom_1683360113531{background-color: #ffffff !important;}&#8221; padding_top=&#8221;50&#8243;][vc_column width=&#8221;1\/5&#8243;]<div class='image_hover ' style='' data-transition-delay=''><div class='images_holder'><a itemprop='url' href='https:\/\/mersglobal.com\/tr\/hava-filtreleri\/' target='_self'><img itemprop='image' class='active_image ' src='https:\/\/mersglobal.com\/wp-content\/uploads\/2023\/05\/hava-filtresi-1.png' alt='' style='' \/><img itemprop='image' class='hover_image' src='https:\/\/mersglobal.com\/wp-content\/uploads\/2023\/05\/hava-filtresi-2.png' alt='' style='' \/><\/a><\/div><\/div>[vc_empty_space height=&#8221;20px&#8221;][vc_column_text]<\/p>\n<h3 style=\"text-align: center;\">Hava<br \/>\nFiltreleri<\/h3>\n<p>[\/vc_column_text][vc_separator type=&#8221;normal&#8221; color=&#8221;#d8d8d8&#8243;][vc_empty_space height=&#8221;20px&#8221;][\/vc_column][vc_column width=&#8221;1\/5&#8243;]<div class='image_hover ' style='' data-transition-delay=''><div class='images_holder'><a itemprop='url' href='https:\/\/mersglobal.com\/tr\/?page_id=2548&amp;preview=true' target='_self'><img itemprop='image' class='active_image ' src='https:\/\/mersglobal.com\/wp-content\/uploads\/2023\/04\/yag_filtre-mers.png' alt='' style='' \/><img itemprop='image' class='hover_image' src='https:\/\/mersglobal.com\/wp-content\/uploads\/2023\/04\/yag_filtre-mers-.png' alt='' style='' \/><\/a><\/div><\/div>[vc_empty_space height=&#8221;20px&#8221;][vc_column_text]<\/p>\n<h3 style=\"text-align: center;\">Ya\u011f<br \/>\nFiltreleri<\/h3>\n<p>[\/vc_column_text][vc_separator type=&#8221;normal&#8221; color=&#8221;#d8d8d8&#8243;][vc_empty_space height=&#8221;20px&#8221;][\/vc_column][vc_column width=&#8221;1\/5&#8243;]<div class='image_hover ' style='' data-transition-delay=''><div class='images_holder'><a itemprop='url' href='https:\/\/mersglobal.com\/tr\/yakit-filtreleri\/' target='_self'><img itemprop='image' class='active_image ' src='https:\/\/mersglobal.com\/wp-content\/uploads\/2023\/04\/yakit_filtre-mers.png' alt='' style='' \/><img itemprop='image' class='hover_image' src='https:\/\/mersglobal.com\/wp-content\/uploads\/2023\/04\/yakit_filtre-mers-.png' alt='' style='' \/><\/a><\/div><\/div>[vc_empty_space height=&#8221;20px&#8221;][vc_column_text]<\/p>\n<h3 style=\"text-align: center;\">Yak\u0131t<br \/>\nFiltreleri<\/h3>\n<p>[\/vc_column_text][vc_separator type=&#8221;normal&#8221; color=&#8221;#d8d8d8&#8243;][vc_empty_space height=&#8221;20px&#8221;][\/vc_column][vc_column width=&#8221;1\/5&#8243;]<div class='image_hover ' style='' data-transition-delay=''><div class='images_holder'><a itemprop='url' href='https:\/\/mersglobal.com\/tr\/?page_id=2561&amp;preview=true' target='_self'><img itemprop='image' class='active_image ' src='https:\/\/mersglobal.com\/wp-content\/uploads\/2023\/04\/hidrolik_filtre-mers.png' alt='' style='' \/><img itemprop='image' class='hover_image' src='https:\/\/mersglobal.com\/wp-content\/uploads\/2023\/04\/hidrolik_filtre-mers-.png' alt='' style='' \/><\/a><\/div><\/div>[vc_empty_space height=&#8221;20px&#8221;][vc_column_text]<\/p>\n<h3 style=\"text-align: center;\">Hidrolik<br \/>\nFiltreler<\/h3>\n<p>[\/vc_column_text][vc_separator type=&#8221;normal&#8221; color=&#8221;#d8d8d8&#8243;][vc_empty_space height=&#8221;20px&#8221;][\/vc_column][vc_column width=&#8221;1\/5&#8243;]<div class='image_hover ' style='' data-transition-delay=''><div class='images_holder'><a itemprop='url' href='https:\/\/mersglobal.com\/tr\/hava-kurutucu-filtreleri\/' target='_self'><img itemprop='image' class='active_image ' src='https:\/\/mersglobal.com\/wp-content\/uploads\/2023\/04\/hava_kurutucu-mers.png' alt='' style='' \/><img itemprop='image' class='hover_image' src='https:\/\/mersglobal.com\/wp-content\/uploads\/2023\/04\/hava_kurutucu-mers-.png' alt='' style='' \/><\/a><\/div><\/div>[vc_empty_space height=&#8221;20px&#8221;][vc_column_text]<\/p>\n<h3 style=\"text-align: center;\">Hava Kurutucu<br \/>\nFiltreler<\/h3>\n<p>[\/vc_column_text][vc_separator type=&#8221;normal&#8221; color=&#8221;#d8d8d8&#8243;][vc_empty_space height=&#8221;20px&#8221;][\/vc_column][\/vc_row][vc_row css_animation=&#8221;&#8221; row_type=&#8221;row&#8221; use_row_as_full_screen_section=&#8221;no&#8221; type=&#8221;grid&#8221; angled_section=&#8221;no&#8221; text_align=&#8221;left&#8221; background_image_as_pattern=&#8221;without_pattern&#8221; z_index=&#8221;&#8221; css=&#8221;.vc_custom_1682688076540{background-color: #ffffff !important;}&#8221;][vc_column width=&#8221;1\/5&#8243;]<div class='image_hover ' style='' data-transition-delay=''><div class='images_holder'><a itemprop='url' href='https:\/\/mersglobal.com\/tr\/?page_id=2568&amp;preview=true' target='_self'><img itemprop='image' class='active_image ' src='https:\/\/mersglobal.com\/wp-content\/uploads\/2023\/04\/vakum_pompa_filtre-mers.png' alt='' style='' \/><img itemprop='image' class='hover_image' src='https:\/\/mersglobal.com\/wp-content\/uploads\/2023\/04\/vakum_pompa_filtre-mers-.png' alt='' style='' \/><\/a><\/div><\/div>[vc_empty_space height=&#8221;20px&#8221;][vc_column_text]<\/p>\n<h3 style=\"text-align: center;\">Vakum Pompas\u0131<br \/>\nFiltreleri<\/h3>\n<p>[\/vc_column_text][vc_separator type=&#8221;normal&#8221; color=&#8221;#d8d8d8&#8243;][vc_empty_space height=&#8221;20px&#8221;][\/vc_column][vc_column width=&#8221;1\/5&#8243;]<div class='image_hover ' style='' data-transition-delay=''><div class='images_holder'><a itemprop='url' href='https:\/\/mersglobal.com\/tr\/kompresor-filtreleri\/' target='_self'><img itemprop='image' class='active_image ' src='https:\/\/mersglobal.com\/wp-content\/uploads\/2023\/04\/kompressor_filtre-mers.png' alt='' style='' \/><img itemprop='image' class='hover_image' src='https:\/\/mersglobal.com\/wp-content\/uploads\/2023\/04\/kompressor_filtre-mers-.png' alt='' style='' \/><\/a><\/div><\/div>[vc_empty_space height=&#8221;20px&#8221;][vc_column_text]<\/p>\n<h3 style=\"text-align: center;\">Kompres\u00f6r<br \/>\nFiltreleri<\/h3>\n<p>[\/vc_column_text][vc_separator type=&#8221;normal&#8221; color=&#8221;#d8d8d8&#8243;][vc_empty_space height=&#8221;20px&#8221;][\/vc_column][vc_column width=&#8221;1\/5&#8243;]<div class='image_hover ' style='' data-transition-delay=''><div class='images_holder'><a itemprop='url' href='https:\/\/mersglobal.com\/tr\/?page_id=2574&amp;preview=true' target='_self'><img itemprop='image' class='active_image ' src='https:\/\/mersglobal.com\/wp-content\/uploads\/2023\/04\/separator_filtre-mers.png' alt='' style='' \/><img itemprop='image' class='hover_image' src='https:\/\/mersglobal.com\/wp-content\/uploads\/2023\/04\/separator_filtre-mers-.png' alt='' style='' \/><\/a><\/div><\/div>[vc_empty_space height=&#8221;20px&#8221;][vc_column_text]<\/p>\n<h3 style=\"text-align: center;\">Separat\u00f6r<br \/>\nFiltreler<\/h3>\n<p>[\/vc_column_text][vc_separator type=&#8221;normal&#8221; color=&#8221;#d8d8d8&#8243;][vc_empty_space height=&#8221;20px&#8221;][\/vc_column][vc_column width=&#8221;1\/5&#8243;]<div class='image_hover ' style='' data-transition-delay=''><div class='images_holder'><a itemprop='url' href='https:\/\/mersglobal.com\/tr\/?page_id=2579&amp;preview=true' target='_self'><img itemprop='image' class='active_image ' src='https:\/\/mersglobal.com\/wp-content\/uploads\/2023\/04\/hat_filtre-mers.png' alt='' style='' \/><img itemprop='image' class='hover_image' src='https:\/\/mersglobal.com\/wp-content\/uploads\/2023\/04\/hat_filtre-mers-.png' alt='' style='' \/><\/a><\/div><\/div>[vc_empty_space height=&#8221;20px&#8221;][vc_column_text]<\/p>\n<h3 style=\"text-align: center;\">Kurutucu Hat Filtre<br \/>\nElementleri<\/h3>\n<p>[\/vc_column_text][vc_separator type=&#8221;normal&#8221; color=&#8221;#d8d8d8&#8243;][vc_empty_space height=&#8221;20px&#8221;][\/vc_column][vc_column width=&#8221;1\/5&#8243;]<div class='image_hover ' style='' data-transition-delay=''><div class='images_holder'><a itemprop='url' href='https:\/\/mersglobal.com\/tr\/tel-erozyon-filtreleri\/' target='_self'><img itemprop='image' class='active_image ' src='https:\/\/mersglobal.com\/wp-content\/uploads\/2023\/04\/telerozyon_filtre-mers.png' alt='' style='' \/><img itemprop='image' class='hover_image' src='https:\/\/mersglobal.com\/wp-content\/uploads\/2023\/04\/telerozyon_filtre-mers-.png' alt='' style='' \/><\/a><\/div><\/div>[vc_empty_space height=&#8221;20px&#8221;][vc_column_text]<\/p>\n<h3 style=\"text-align: center;\">Tel Erozyon<br \/>\nFiltreleri<\/h3>\n<p>[\/vc_column_text][vc_separator type=&#8221;normal&#8221; color=&#8221;#d8d8d8&#8243;][vc_empty_space height=&#8221;20px&#8221;][\/vc_column][\/vc_row][vc_row css_animation=&#8221;&#8221; row_type=&#8221;row&#8221; use_row_as_full_screen_section=&#8221;no&#8221; type=&#8221;grid&#8221; angled_section=&#8221;no&#8221; text_align=&#8221;left&#8221; background_image_as_pattern=&#8221;without_pattern&#8221; z_index=&#8221;&#8221; css=&#8221;.vc_custom_1682680896707{background-color: #ffffff !important;}&#8221;][vc_column width=&#8221;1\/5&#8243;]<div class='image_hover ' style='' data-transition-delay=''><div class='images_holder'><a itemprop='url' href='https:\/\/mersglobal.com\/tr\/?page_id=2585&amp;preview=true' target='_self'><img itemprop='image' class='active_image ' src='https:\/\/mersglobal.com\/wp-content\/uploads\/2023\/04\/teflon_filtre-mers.png' alt='' style='' \/><img itemprop='image' class='hover_image' src='https:\/\/mersglobal.com\/wp-content\/uploads\/2023\/04\/teflon_filtre-mers-.png' alt='' style='' \/><\/a><\/div><\/div>[vc_empty_space height=&#8221;20px&#8221;][vc_column_text]<\/p>\n<h3 style=\"text-align: center;\">Teflon<br \/>\nFiltreler<\/h3>\n<p>[\/vc_column_text][vc_separator type=&#8221;normal&#8221; color=&#8221;#d8d8d8&#8243;][vc_empty_space height=&#8221;20px&#8221;][\/vc_column][vc_column width=&#8221;1\/5&#8243;]<div class='image_hover ' style='' data-transition-delay=''><div class='images_holder'><a itemprop='url' href='https:\/\/mersglobal.com\/tr\/toz-boya-filtreleri\/' target='_self'><img itemprop='image' class='active_image ' src='https:\/\/mersglobal.com\/wp-content\/uploads\/2023\/04\/tozboya_filtre-mers.png' alt='' style='' \/><img itemprop='image' class='hover_image' src='https:\/\/mersglobal.com\/wp-content\/uploads\/2023\/04\/tozboya_filtre-mers-.png' alt='' style='' \/><\/a><\/div><\/div>[vc_empty_space height=&#8221;20px&#8221;][vc_column_text]<\/p>\n<h3 style=\"text-align: center;\">Toz Boya<br \/>\nFiltreleri<\/h3>\n<p>[\/vc_column_text][vc_separator type=&#8221;normal&#8221; color=&#8221;#d8d8d8&#8243;][vc_empty_space height=&#8221;20px&#8221;][\/vc_column][vc_column width=&#8221;1\/5&#8243;]<div class='image_hover ' style='' data-transition-delay=''><div class='images_holder'><a itemprop='url' href='https:\/\/mersglobal.com\/tr\/lazer-cnc-filtreleri\/' target='_self'><img itemprop='image' class='active_image ' src='https:\/\/mersglobal.com\/wp-content\/uploads\/2023\/04\/lazer_CNC_filtre-mers.png' alt='' style='' \/><img itemprop='image' class='hover_image' src='https:\/\/mersglobal.com\/wp-content\/uploads\/2023\/04\/lazer_CNC_filtre-mers-.png' alt='' style='' \/><\/a><\/div><\/div>[vc_empty_space height=&#8221;20px&#8221;][vc_column_text]<\/p>\n<h3 style=\"text-align: center;\">Lazer\/CNC<br \/>\nFiltreleri<\/h3>\n<p>[\/vc_column_text][vc_separator type=&#8221;normal&#8221; color=&#8221;#d8d8d8&#8243;][vc_empty_space height=&#8221;20px&#8221;][\/vc_column][vc_column width=&#8221;1\/5&#8243;]<div class='image_hover ' style='' data-transition-delay=''><div class='images_holder'><a itemprop='url' href='https:\/\/mersglobal.com\/tr\/dogal-gaz-filtreleri\/' target='_self'><img itemprop='image' class='active_image ' src='https:\/\/mersglobal.com\/wp-content\/uploads\/2023\/04\/gaz_filtre_mers.png' alt='' style='' \/><img itemprop='image' class='hover_image' src='https:\/\/mersglobal.com\/wp-content\/uploads\/2023\/04\/gaz_filtre_mers.png-.png' alt='' style='' \/><\/a><\/div><\/div>[vc_empty_space height=&#8221;20px&#8221;][vc_column_text]<\/p>\n<h3 style=\"text-align: center;\">Do\u011fal Gaz<br \/>\nFiltreleri<\/h3>\n<p>[\/vc_column_text][vc_separator type=&#8221;normal&#8221; color=&#8221;#d8d8d8&#8243;][vc_empty_space height=&#8221;20px&#8221;][\/vc_column][vc_column width=&#8221;1\/5&#8243;]<div class='image_hover ' style='' data-transition-delay=''><div class='images_holder'><a itemprop='url' href='https:\/\/mersglobal.com\/tr\/ozel-filtre-uretimi\/' target='_self'><img itemprop='image' class='active_image ' src='https:\/\/mersglobal.com\/wp-content\/uploads\/2023\/04\/o\u0308zel_filtre_u\u0308retimi-mers.png' alt='' style='' \/><img itemprop='image' class='hover_image' src='https:\/\/mersglobal.com\/wp-content\/uploads\/2023\/04\/o\u0308zel_filtre_u\u0308retimi-mers-.png' alt='' style='' \/><\/a><\/div><\/div>[vc_empty_space height=&#8221;20px&#8221;][vc_column_text]<\/p>\n<h3 style=\"text-align: center;\">\u00d6zel Filtre<br \/>\n\u00dcretimi<\/h3>\n<p>[\/vc_column_text][vc_separator type=&#8221;normal&#8221; color=&#8221;#d8d8d8&#8243;][vc_empty_space height=&#8221;20px&#8221;][\/vc_column][\/vc_row][vc_row css_animation=&#8221;&#8221; row_type=&#8221;row&#8221; use_row_as_full_screen_section=&#8221;no&#8221; type=&#8221;grid&#8221; angled_section=&#8221;no&#8221; text_align=&#8221;left&#8221; background_image_as_pattern=&#8221;without_pattern&#8221; z_index=&#8221;&#8221; css=&#8221;.vc_custom_1682680896707{background-color: #ffffff !important;}&#8221;][vc_column width=&#8221;1\/5&#8243;]<div class='image_hover ' style='' data-transition-delay=''><div class='images_holder'><a itemprop='url' href='https:\/\/mersglobal.com\/tr\/pliseli-torba-filtreler\/' target='_self'><img itemprop='image' class='active_image ' src='https:\/\/mersglobal.com\/wp-content\/uploads\/2023\/04\/pliseli_torba_filtre-mers.png' alt='' style='' \/><img itemprop='image' class='hover_image' src='https:\/\/mersglobal.com\/wp-content\/uploads\/2023\/04\/pliseli_torba_filtre-mers-.png' alt='' style='' \/><\/a><\/div><\/div>[vc_empty_space height=&#8221;20px&#8221;][vc_column_text]<\/p>\n<h3 style=\"text-align: center;\">Pliseli Torba<br \/>\nFiltreler<\/h3>\n<p>[\/vc_column_text][vc_separator type=&#8221;normal&#8221; color=&#8221;#d8d8d8&#8243;][vc_empty_space height=&#8221;20px&#8221;][\/vc_column][vc_column width=&#8221;1\/5&#8243;]<div class='image_hover ' style='' data-transition-delay=''><div class='images_holder'><a itemprop='url' href='https:\/\/mersglobal.com\/tr\/?page_id=2604&amp;preview=true' target='_self'><img itemprop='image' class='active_image ' src='https:\/\/mersglobal.com\/wp-content\/uploads\/2023\/04\/silo_filtre_v-min.png' alt='' style='' \/><img itemprop='image' class='hover_image' src='https:\/\/mersglobal.com\/wp-content\/uploads\/2023\/04\/silo_filtre_v-copy-min.png' alt='' style='' \/><\/a><\/div><\/div>[vc_empty_space height=&#8221;20px&#8221;][vc_column_text]<\/p>\n<h3 style=\"text-align: center;\">Silo<br \/>\nFiltreleri<\/h3>\n<p>[\/vc_column_text][vc_separator type=&#8221;normal&#8221; color=&#8221;#d8d8d8&#8243;][vc_empty_space height=&#8221;20px&#8221;][\/vc_column][vc_column width=&#8221;1\/5&#8243;]<div class='image_hover ' style='' data-transition-delay=''><div class='images_holder'><a itemprop='url' href='https:\/\/mersglobal.com\/tr\/?page_id=2607&amp;preview=true' target='_self'><img itemprop='image' class='active_image ' src='https:\/\/mersglobal.com\/wp-content\/uploads\/2023\/04\/krom_filtre-mers.png' alt='' style='' \/><img itemprop='image' class='hover_image' src='https:\/\/mersglobal.com\/wp-content\/uploads\/2023\/04\/krom_filtre-mers-.png' alt='' style='' \/><\/a><\/div><\/div>[vc_empty_space height=&#8221;20px&#8221;][vc_column_text]<\/p>\n<h3 style=\"text-align: center;\">Krom<br \/>\nFiltreler<\/h3>\n<p>[\/vc_column_text][vc_separator type=&#8221;normal&#8221; color=&#8221;#d8d8d8&#8243;][vc_empty_space height=&#8221;20px&#8221;][\/vc_column][vc_column width=&#8221;1\/5&#8243;]<div class='image_hover ' style='' data-transition-delay=''><div class='images_holder'><a itemprop='url' href='https:\/\/mersglobal.com\/tr\/havalandirma-filtreleri\/' target='_self'><img itemprop='image' class='active_image ' src='https:\/\/mersglobal.com\/wp-content\/uploads\/2023\/05\/hvac-2.png' alt='' style='' \/><img itemprop='image' class='hover_image' src='https:\/\/mersglobal.com\/wp-content\/uploads\/2023\/05\/hvac-1.png' alt='' style='' \/><\/a><\/div><\/div>[vc_empty_space height=&#8221;20px&#8221;][vc_column_text]<\/p>\n<h3 style=\"text-align: center;\">Havaland\u0131rma<br \/>\nFiltreleri<\/h3>\n<p>[\/vc_column_text][vc_separator type=&#8221;normal&#8221; color=&#8221;#d8d8d8&#8243;][vc_empty_space height=&#8221;20px&#8221;][\/vc_column][vc_column width=&#8221;1\/5&#8243;]<div class='image_hover ' style='' data-transition-delay=''><div class='images_holder'><a itemprop='url' href='https:\/\/mersglobal.com\/tr\/filtrasyon-malzemeleri\/' target='_self'><img itemprop='image' class='active_image ' src='https:\/\/mersglobal.com\/wp-content\/uploads\/2023\/04\/filtrasyon_malzeme_-mers.png' alt='' style='' \/><img itemprop='image' class='hover_image' src='https:\/\/mersglobal.com\/wp-content\/uploads\/2023\/04\/filtrasyon_malzeme_-mers.png-.png' alt='' style='' \/><\/a><\/div><\/div>[vc_empty_space height=&#8221;20px&#8221;][vc_column_text]<\/p>\n<h3 style=\"text-align: center;\">Filtrasyon<br \/>\nMalzemeleri<\/h3>\n<p>[\/vc_column_text][vc_separator type=&#8221;normal&#8221; color=&#8221;#d8d8d8&#8243;][vc_empty_space height=&#8221;20px&#8221;][\/vc_column][\/vc_row]<\/p>\n","protected":false},"excerpt":{"rendered":"<p>[vc_row css_animation=&#8221;&#8221; row_type=&#8221;row&#8221; use_row_as_full_screen_section=&#8221;no&#8221; type=&#8221;grid&#8221; angled_section=&#8221;no&#8221; text_align=&#8221;left&#8221; background_image_as_pattern=&#8221;without_pattern&#8221; z_index=&#8221;&#8221; padding_top=&#8221;110&#8243; padding_bottom=&#8221;20&#8243;][vc_column][vc_row_inner row_type=&#8221;row&#8221; type=&#8221;full_width&#8221; text_align=&#8221;left&#8221; css_animation=&#8221;&#8221;][vc_column_inner width=&#8221;1\/4&#8243;][qode_elements_holder number_of_columns=&#8221;one_column&#8221;][qode_elements_holder_item advanced_animations=&#8221;no&#8221;][vc_gallery interval=&#8221;3&#8243; images=&#8221;5558,5559,5560,5561,5562,5563,5564,5557,5556,5555,5554,5553,5552,5551,5550,5549,5548,5547,5546,5545,5544,5543,5596,5597,5598,5599,5600,5601,5602,5603,5604,5623,5622,5621,5620,5619,5618,5617&#8243; img_size=&#8221;full&#8221; onclick=&#8221;&#8221;][\/qode_elements_holder_item][\/qode_elements_holder][\/vc_column_inner][vc_column_inner width=&#8221;3\/4&#8243;][qode_elements_holder number_of_columns=&#8221;one_column&#8221;][qode_elements_holder_item advanced_animations=&#8221;no&#8221;][vc_column_text] Kompres\u00f6r Filtreleri [\/vc_column_text][vc_empty_space height=&#8221;7px&#8221;][vc_column_text] Hava, ya\u011f ve separat\u00f6r filtreler, \u00e7e\u015fitli end\u00fcstriyel uygulamalarda yayg\u0131n olarak kullan\u0131lan vidal\u0131 kompres\u00f6rlerin temel bile\u015fenleridir. &nbsp;&#8230;<\/p>\n","protected":false},"author":1,"featured_media":0,"parent":0,"menu_order":0,"comment_status":"closed","ping_status":"closed","template":"full_width.php","meta":{"_monsterinsights_skip_tracking":false,"_monsterinsights_sitenote_active":false,"_monsterinsights_sitenote_note":"","_monsterinsights_sitenote_category":0,"footnotes":""},"class_list":["post-2571","page","type-page","status-publish","hentry"],"aioseo_notices":[],"_links":{"self":[{"href":"https:\/\/mersglobal.com\/tr\/wp-json\/wp\/v2\/pages\/2571","targetHints":{"allow":["GET"]}}],"collection":[{"href":"https:\/\/mersglobal.com\/tr\/wp-json\/wp\/v2\/pages"}],"about":[{"href":"https:\/\/mersglobal.com\/tr\/wp-json\/wp\/v2\/types\/page"}],"author":[{"embeddable":true,"href":"https:\/\/mersglobal.com\/tr\/wp-json\/wp\/v2\/users\/1"}],"replies":[{"embeddable":true,"href":"https:\/\/mersglobal.com\/tr\/wp-json\/wp\/v2\/comments?post=2571"}],"version-history":[{"count":14,"href":"https:\/\/mersglobal.com\/tr\/wp-json\/wp\/v2\/pages\/2571\/revisions"}],"predecessor-version":[{"id":5625,"href":"https:\/\/mersglobal.com\/tr\/wp-json\/wp\/v2\/pages\/2571\/revisions\/5625"}],"wp:attachment":[{"href":"https:\/\/mersglobal.com\/tr\/wp-json\/wp\/v2\/media?parent=2571"}],"curies":[{"name":"wp","href":"https:\/\/api.w.org\/{rel}","templated":true}]}}