{"id":2604,"date":"2023-04-29T08:57:08","date_gmt":"2023-04-29T08:57:08","guid":{"rendered":"https:\/\/mersglobal.com\/tr\/?page_id=2604"},"modified":"2024-09-28T13:18:42","modified_gmt":"2024-09-28T13:18:42","slug":"silo-filtreleri","status":"publish","type":"page","link":"https:\/\/mersglobal.com\/tr\/silo-filtreleri\/","title":{"rendered":"Silo Filtreleri"},"content":{"rendered":"<p>[vc_row css_animation=&#8221;&#8221; row_type=&#8221;row&#8221; use_row_as_full_screen_section=&#8221;no&#8221; type=&#8221;grid&#8221; angled_section=&#8221;no&#8221; text_align=&#8221;left&#8221; background_image_as_pattern=&#8221;without_pattern&#8221; z_index=&#8221;&#8221; padding_top=&#8221;110&#8243; padding_bottom=&#8221;20&#8243;][vc_column][vc_row_inner row_type=&#8221;row&#8221; type=&#8221;full_width&#8221; text_align=&#8221;left&#8221; css_animation=&#8221;&#8221;][vc_column_inner width=&#8221;1\/4&#8243;][qode_elements_holder number_of_columns=&#8221;one_column&#8221;][qode_elements_holder_item advanced_animations=&#8221;no&#8221;]<div class='image_hover ' style='' data-transition-delay=''><div class='images_holder'><img itemprop='image' class='active_image ' src='https:\/\/mersglobal.com\/wp-content\/uploads\/2023\/04\/silo_filtre-mers-.png' alt='' style='' \/><img itemprop='image' class='hover_image' src='https:\/\/mersglobal.com\/wp-content\/uploads\/2024\/01\/Silo-Filtreler-1.png' alt='' style='' \/><\/div><\/div>[vc_gallery interval=&#8221;3&#8243; images=&#8221;5041,5042,5043,5044,5045,5046&#8243; img_size=&#8221;full&#8221; onclick=&#8221;&#8221;][\/qode_elements_holder_item][\/qode_elements_holder][\/vc_column_inner][vc_column_inner width=&#8221;3\/4&#8243;][qode_elements_holder number_of_columns=&#8221;one_column&#8221;][qode_elements_holder_item advanced_animations=&#8221;no&#8221;][vc_column_text]<\/p>\n<h2 style=\"text-align: left;\">Silo Filtreleri<\/h2>\n<p>[\/vc_column_text][vc_empty_space height=&#8221;7px&#8221;][vc_column_text]<\/p>\n<p style=\"text-align: justify;\">Havaland\u0131rma filtreleri, havan\u0131n depolanan \u00fcr\u00fcnde dola\u015fmas\u0131na izin vermek ve nem olu\u015fumunu \u00f6nlemek i\u00e7in silolarda kullan\u0131lmaktad\u0131r. Bu filtreler, depolanan malzemeyi kirletmelerini \u00f6nlemek i\u00e7in toz ve di\u011fer par\u00e7ac\u0131klar\u0131 yakalarken, havan\u0131n ge\u00e7mesine izin verecek \u015fekilde tasarlanm\u0131\u015ft\u0131r. Havaland\u0131rma filtreleri tipik olarak dokuma kuma\u015f veya pliseli ka\u011f\u0131t gibi g\u00f6zenekli bir malzemeden yap\u0131l\u0131r.<\/p>\n<p>&nbsp;<\/p>\n<p style=\"text-align: justify;\">\u00d6te yandan, silonun y\u00fcklenmesi ve bo\u015falt\u0131lmas\u0131 s\u0131ras\u0131nda olu\u015fan toz veya di\u011fer havadaki partik\u00fclleri yakalamak i\u00e7in silolar\u0131n \u00fczerinde toz filtreleri kullan\u0131l\u0131r. Bu filtreler, kullan\u0131lan filtre ortam\u0131n\u0131n derecesine ba\u011fl\u0131 olarak belirli bir mikron boyutuna kadar partik\u00fclleri yakalamak i\u00e7in tasarlanm\u0131\u015ft\u0131r.<\/p>\n<p>&nbsp;<\/p>\n<p style=\"text-align: justify;\">Hem havaland\u0131rma hem de toz filtreleri, depolanan \u00fcr\u00fcn\u00fcn kalitesinin ve g\u00fcvenli\u011finin korunmas\u0131na yard\u0131mc\u0131 olduklar\u0131 i\u00e7in silo sistemlerinin \u00f6nemli bile\u015fenleridir. D\u00fczg\u00fcn \u00e7al\u0131\u015ft\u0131klar\u0131ndan emin olmak ve gerekti\u011finde de\u011fi\u015ftirmek i\u00e7in bu filtreleri d\u00fczenli olarak incelemek ve bak\u0131m\u0131n\u0131 yapmak \u00f6nemlidir. Bu filtrelerin bak\u0131m\u0131n\u0131n yap\u0131lmamas\u0131 performans\u0131n d\u00fc\u015fmesine ve \u00e7al\u0131\u015fanlar ile \u00e7evredeki ortam i\u00e7in potansiyel olarak tehlikeli ko\u015fullara neden olabilir.<\/p>\n<p>[\/vc_column_text][\/qode_elements_holder_item][\/qode_elements_holder][\/vc_column_inner][\/vc_row_inner][\/vc_column][\/vc_row][vc_row css_animation=&#8221;&#8221; row_type=&#8221;row&#8221; use_row_as_full_screen_section=&#8221;no&#8221; type=&#8221;grid&#8221; angled_section=&#8221;no&#8221; text_align=&#8221;left&#8221; background_image_as_pattern=&#8221;without_pattern&#8221; z_index=&#8221;&#8221; css=&#8221;.vc_custom_1683363452946{background-color: #ffffff !important;}&#8221;][vc_column][vc_empty_space height=&#8221;50px&#8221;][vc_column_text]<\/p>\n<h2 style=\"text-align: center;\"><span style=\"color: #515f6b;\">Di\u011fer \u00dcr\u00fcnler<\/span><\/h2>\n<p>[\/vc_column_text][vc_empty_space height=&#8221;50px&#8221;][\/vc_column][\/vc_row][vc_row css_animation=&#8221;&#8221; row_type=&#8221;row&#8221; use_row_as_full_screen_section=&#8221;no&#8221; type=&#8221;grid&#8221; angled_section=&#8221;no&#8221; text_align=&#8221;left&#8221; background_image_as_pattern=&#8221;without_pattern&#8221; z_index=&#8221;&#8221; css=&#8221;.vc_custom_1683360113531{background-color: #ffffff !important;}&#8221; padding_top=&#8221;50&#8243;][vc_column width=&#8221;1\/5&#8243;]<div class='image_hover ' style='' data-transition-delay=''><div class='images_holder'><a itemprop='url' href='https:\/\/mersglobal.com\/tr\/hava-filtreleri\/' target='_self'><img itemprop='image' class='active_image ' src='https:\/\/mersglobal.com\/wp-content\/uploads\/2023\/05\/hava-filtresi-1.png' alt='' style='' \/><img itemprop='image' class='hover_image' src='https:\/\/mersglobal.com\/wp-content\/uploads\/2023\/05\/hava-filtresi-2.png' alt='' style='' \/><\/a><\/div><\/div>[vc_empty_space height=&#8221;20px&#8221;][vc_column_text]<\/p>\n<h3 style=\"text-align: center;\">Hava<br \/>\nFiltreleri<\/h3>\n<p>[\/vc_column_text][vc_separator type=&#8221;normal&#8221; color=&#8221;#d8d8d8&#8243;][vc_empty_space height=&#8221;20px&#8221;][\/vc_column][vc_column width=&#8221;1\/5&#8243;]<div class='image_hover ' style='' data-transition-delay=''><div class='images_holder'><a itemprop='url' href='https:\/\/mersglobal.com\/tr\/?page_id=2548&amp;preview=true' target='_self'><img itemprop='image' class='active_image ' src='https:\/\/mersglobal.com\/wp-content\/uploads\/2023\/04\/yag_filtre-mers.png' alt='' style='' \/><img itemprop='image' class='hover_image' src='https:\/\/mersglobal.com\/wp-content\/uploads\/2023\/04\/yag_filtre-mers-.png' alt='' style='' \/><\/a><\/div><\/div>[vc_empty_space height=&#8221;20px&#8221;][vc_column_text]<\/p>\n<h3 style=\"text-align: center;\">Ya\u011f<br \/>\nFiltreleri<\/h3>\n<p>[\/vc_column_text][vc_separator type=&#8221;normal&#8221; color=&#8221;#d8d8d8&#8243;][vc_empty_space height=&#8221;20px&#8221;][\/vc_column][vc_column width=&#8221;1\/5&#8243;]<div class='image_hover ' style='' data-transition-delay=''><div class='images_holder'><a itemprop='url' href='https:\/\/mersglobal.com\/tr\/yakit-filtreleri\/' target='_self'><img itemprop='image' class='active_image ' src='https:\/\/mersglobal.com\/wp-content\/uploads\/2023\/04\/yakit_filtre-mers.png' alt='' style='' \/><img itemprop='image' class='hover_image' src='https:\/\/mersglobal.com\/wp-content\/uploads\/2023\/04\/yakit_filtre-mers-.png' alt='' style='' \/><\/a><\/div><\/div>[vc_empty_space height=&#8221;20px&#8221;][vc_column_text]<\/p>\n<h3 style=\"text-align: center;\">Yak\u0131t<br \/>\nFiltreleri<\/h3>\n<p>[\/vc_column_text][vc_separator type=&#8221;normal&#8221; color=&#8221;#d8d8d8&#8243;][vc_empty_space height=&#8221;20px&#8221;][\/vc_column][vc_column width=&#8221;1\/5&#8243;]<div class='image_hover ' style='' data-transition-delay=''><div class='images_holder'><a itemprop='url' href='https:\/\/mersglobal.com\/tr\/?page_id=2561&amp;preview=true' target='_self'><img itemprop='image' class='active_image ' src='https:\/\/mersglobal.com\/wp-content\/uploads\/2023\/04\/hidrolik_filtre-mers.png' alt='' style='' \/><img itemprop='image' class='hover_image' src='https:\/\/mersglobal.com\/wp-content\/uploads\/2023\/04\/hidrolik_filtre-mers-.png' alt='' style='' \/><\/a><\/div><\/div>[vc_empty_space height=&#8221;20px&#8221;][vc_column_text]<\/p>\n<h3 style=\"text-align: center;\">Hidrolik<br \/>\nFiltreler<\/h3>\n<p>[\/vc_column_text][vc_separator type=&#8221;normal&#8221; color=&#8221;#d8d8d8&#8243;][vc_empty_space height=&#8221;20px&#8221;][\/vc_column][vc_column width=&#8221;1\/5&#8243;]<div class='image_hover ' style='' data-transition-delay=''><div class='images_holder'><a itemprop='url' href='https:\/\/mersglobal.com\/tr\/hava-kurutucu-filtreleri\/' target='_self'><img itemprop='image' class='active_image ' src='https:\/\/mersglobal.com\/wp-content\/uploads\/2023\/04\/hava_kurutucu-mers.png' alt='' style='' \/><img itemprop='image' class='hover_image' src='https:\/\/mersglobal.com\/wp-content\/uploads\/2023\/04\/hava_kurutucu-mers-.png' alt='' style='' \/><\/a><\/div><\/div>[vc_empty_space height=&#8221;20px&#8221;][vc_column_text]<\/p>\n<h3 style=\"text-align: center;\">Hava Kurutucu<br \/>\nFiltreler<\/h3>\n<p>[\/vc_column_text][vc_separator type=&#8221;normal&#8221; color=&#8221;#d8d8d8&#8243;][vc_empty_space height=&#8221;20px&#8221;][\/vc_column][\/vc_row][vc_row css_animation=&#8221;&#8221; row_type=&#8221;row&#8221; use_row_as_full_screen_section=&#8221;no&#8221; type=&#8221;grid&#8221; angled_section=&#8221;no&#8221; text_align=&#8221;left&#8221; background_image_as_pattern=&#8221;without_pattern&#8221; z_index=&#8221;&#8221; css=&#8221;.vc_custom_1682688076540{background-color: #ffffff !important;}&#8221;][vc_column width=&#8221;1\/5&#8243;]<div class='image_hover ' style='' data-transition-delay=''><div class='images_holder'><a itemprop='url' href='https:\/\/mersglobal.com\/tr\/?page_id=2568&amp;preview=true' target='_self'><img itemprop='image' class='active_image ' src='https:\/\/mersglobal.com\/wp-content\/uploads\/2023\/04\/vakum_pompa_filtre-mers.png' alt='' style='' \/><img itemprop='image' class='hover_image' src='https:\/\/mersglobal.com\/wp-content\/uploads\/2023\/04\/vakum_pompa_filtre-mers-.png' alt='' style='' \/><\/a><\/div><\/div>[vc_empty_space height=&#8221;20px&#8221;][vc_column_text]<\/p>\n<h3 style=\"text-align: center;\">Vakum Pompas\u0131<br \/>\nFiltreleri<\/h3>\n<p>[\/vc_column_text][vc_separator type=&#8221;normal&#8221; color=&#8221;#d8d8d8&#8243;][vc_empty_space height=&#8221;20px&#8221;][\/vc_column][vc_column width=&#8221;1\/5&#8243;]<div class='image_hover ' style='' data-transition-delay=''><div class='images_holder'><a itemprop='url' href='https:\/\/mersglobal.com\/tr\/kompresor-filtreleri\/' target='_self'><img itemprop='image' class='active_image ' src='https:\/\/mersglobal.com\/wp-content\/uploads\/2023\/04\/kompressor_filtre-mers.png' alt='' style='' \/><img itemprop='image' class='hover_image' src='https:\/\/mersglobal.com\/wp-content\/uploads\/2023\/04\/kompressor_filtre-mers-.png' alt='' style='' \/><\/a><\/div><\/div>[vc_empty_space height=&#8221;20px&#8221;][vc_column_text]<\/p>\n<h3 style=\"text-align: center;\">Kompres\u00f6r<br \/>\nFiltreleri<\/h3>\n<p>[\/vc_column_text][vc_separator type=&#8221;normal&#8221; color=&#8221;#d8d8d8&#8243;][vc_empty_space height=&#8221;20px&#8221;][\/vc_column][vc_column width=&#8221;1\/5&#8243;]<div class='image_hover ' style='' data-transition-delay=''><div class='images_holder'><a itemprop='url' href='https:\/\/mersglobal.com\/tr\/?page_id=2574&amp;preview=true' target='_self'><img itemprop='image' class='active_image ' src='https:\/\/mersglobal.com\/wp-content\/uploads\/2023\/04\/separator_filtre-mers.png' alt='' style='' \/><img itemprop='image' class='hover_image' src='https:\/\/mersglobal.com\/wp-content\/uploads\/2023\/04\/separator_filtre-mers-.png' alt='' style='' \/><\/a><\/div><\/div>[vc_empty_space height=&#8221;20px&#8221;][vc_column_text]<\/p>\n<h3 style=\"text-align: center;\">Separat\u00f6r<br \/>\nFiltreler<\/h3>\n<p>[\/vc_column_text][vc_separator type=&#8221;normal&#8221; color=&#8221;#d8d8d8&#8243;][vc_empty_space height=&#8221;20px&#8221;][\/vc_column][vc_column width=&#8221;1\/5&#8243;]<div class='image_hover ' style='' data-transition-delay=''><div class='images_holder'><a itemprop='url' href='https:\/\/mersglobal.com\/tr\/?page_id=2579&amp;preview=true' target='_self'><img itemprop='image' class='active_image ' src='https:\/\/mersglobal.com\/wp-content\/uploads\/2023\/04\/hat_filtre-mers.png' alt='' style='' \/><img itemprop='image' class='hover_image' src='https:\/\/mersglobal.com\/wp-content\/uploads\/2023\/04\/hat_filtre-mers-.png' alt='' style='' \/><\/a><\/div><\/div>[vc_empty_space height=&#8221;20px&#8221;][vc_column_text]<\/p>\n<h3 style=\"text-align: center;\">Kurutucu Hat Filtre<br \/>\nElementleri<\/h3>\n<p>[\/vc_column_text][vc_separator type=&#8221;normal&#8221; color=&#8221;#d8d8d8&#8243;][vc_empty_space height=&#8221;20px&#8221;][\/vc_column][vc_column width=&#8221;1\/5&#8243;]<div class='image_hover ' style='' data-transition-delay=''><div class='images_holder'><a itemprop='url' href='https:\/\/mersglobal.com\/tr\/tel-erozyon-filtreleri\/' target='_self'><img itemprop='image' class='active_image ' src='https:\/\/mersglobal.com\/wp-content\/uploads\/2023\/04\/telerozyon_filtre-mers.png' alt='' style='' \/><img itemprop='image' class='hover_image' src='https:\/\/mersglobal.com\/wp-content\/uploads\/2023\/04\/telerozyon_filtre-mers-.png' alt='' style='' \/><\/a><\/div><\/div>[vc_empty_space height=&#8221;20px&#8221;][vc_column_text]<\/p>\n<h3 style=\"text-align: center;\">Tel Erozyon<br \/>\nFiltreleri<\/h3>\n<p>[\/vc_column_text][vc_separator type=&#8221;normal&#8221; color=&#8221;#d8d8d8&#8243;][vc_empty_space height=&#8221;20px&#8221;][\/vc_column][\/vc_row][vc_row css_animation=&#8221;&#8221; row_type=&#8221;row&#8221; use_row_as_full_screen_section=&#8221;no&#8221; type=&#8221;grid&#8221; angled_section=&#8221;no&#8221; text_align=&#8221;left&#8221; background_image_as_pattern=&#8221;without_pattern&#8221; z_index=&#8221;&#8221; css=&#8221;.vc_custom_1682680896707{background-color: #ffffff !important;}&#8221;][vc_column width=&#8221;1\/5&#8243;]<div class='image_hover ' style='' data-transition-delay=''><div class='images_holder'><a itemprop='url' href='https:\/\/mersglobal.com\/tr\/?page_id=2585&amp;preview=true' target='_self'><img itemprop='image' class='active_image ' src='https:\/\/mersglobal.com\/wp-content\/uploads\/2023\/04\/teflon_filtre-mers.png' alt='' style='' \/><img itemprop='image' class='hover_image' src='https:\/\/mersglobal.com\/wp-content\/uploads\/2023\/04\/teflon_filtre-mers-.png' alt='' style='' \/><\/a><\/div><\/div>[vc_empty_space height=&#8221;20px&#8221;][vc_column_text]<\/p>\n<h3 style=\"text-align: center;\">Teflon<br \/>\nFiltreler<\/h3>\n<p>[\/vc_column_text][vc_separator type=&#8221;normal&#8221; color=&#8221;#d8d8d8&#8243;][vc_empty_space height=&#8221;20px&#8221;][\/vc_column][vc_column width=&#8221;1\/5&#8243;]<div class='image_hover ' style='' data-transition-delay=''><div class='images_holder'><a itemprop='url' href='https:\/\/mersglobal.com\/tr\/toz-boya-filtreleri\/' target='_self'><img itemprop='image' class='active_image ' src='https:\/\/mersglobal.com\/wp-content\/uploads\/2023\/04\/tozboya_filtre-mers.png' alt='' style='' \/><img itemprop='image' class='hover_image' src='https:\/\/mersglobal.com\/wp-content\/uploads\/2023\/04\/tozboya_filtre-mers-.png' alt='' style='' \/><\/a><\/div><\/div>[vc_empty_space height=&#8221;20px&#8221;][vc_column_text]<\/p>\n<h3 style=\"text-align: center;\">Toz Boya<br \/>\nFiltreleri<\/h3>\n<p>[\/vc_column_text][vc_separator type=&#8221;normal&#8221; color=&#8221;#d8d8d8&#8243;][vc_empty_space height=&#8221;20px&#8221;][\/vc_column][vc_column width=&#8221;1\/5&#8243;]<div class='image_hover ' style='' data-transition-delay=''><div class='images_holder'><a itemprop='url' href='https:\/\/mersglobal.com\/tr\/lazer-cnc-filtreleri\/' target='_self'><img itemprop='image' class='active_image ' src='https:\/\/mersglobal.com\/wp-content\/uploads\/2023\/04\/lazer_CNC_filtre-mers.png' alt='' style='' \/><img itemprop='image' class='hover_image' src='https:\/\/mersglobal.com\/wp-content\/uploads\/2023\/04\/lazer_CNC_filtre-mers-.png' alt='' style='' \/><\/a><\/div><\/div>[vc_empty_space height=&#8221;20px&#8221;][vc_column_text]<\/p>\n<h3 style=\"text-align: center;\">Lazer\/CNC<br \/>\nFiltreleri<\/h3>\n<p>[\/vc_column_text][vc_separator type=&#8221;normal&#8221; color=&#8221;#d8d8d8&#8243;][vc_empty_space height=&#8221;20px&#8221;][\/vc_column][vc_column width=&#8221;1\/5&#8243;]<div class='image_hover ' style='' data-transition-delay=''><div class='images_holder'><a itemprop='url' href='https:\/\/mersglobal.com\/tr\/dogal-gaz-filtreleri\/' target='_self'><img itemprop='image' class='active_image ' src='https:\/\/mersglobal.com\/wp-content\/uploads\/2023\/04\/gaz_filtre_mers.png' alt='' style='' \/><img itemprop='image' class='hover_image' src='https:\/\/mersglobal.com\/wp-content\/uploads\/2023\/04\/gaz_filtre_mers.png-.png' alt='' style='' \/><\/a><\/div><\/div>[vc_empty_space height=&#8221;20px&#8221;][vc_column_text]<\/p>\n<h3 style=\"text-align: center;\">Do\u011fal Gaz<br \/>\nFiltreleri<\/h3>\n<p>[\/vc_column_text][vc_separator type=&#8221;normal&#8221; color=&#8221;#d8d8d8&#8243;][vc_empty_space height=&#8221;20px&#8221;][\/vc_column][vc_column width=&#8221;1\/5&#8243;]<div class='image_hover ' style='' data-transition-delay=''><div class='images_holder'><a itemprop='url' href='https:\/\/mersglobal.com\/tr\/ozel-filtre-uretimi\/' target='_self'><img itemprop='image' class='active_image ' src='https:\/\/mersglobal.com\/wp-content\/uploads\/2023\/04\/o\u0308zel_filtre_u\u0308retimi-mers.png' alt='' style='' \/><img itemprop='image' class='hover_image' src='https:\/\/mersglobal.com\/wp-content\/uploads\/2023\/04\/o\u0308zel_filtre_u\u0308retimi-mers-.png' alt='' style='' \/><\/a><\/div><\/div>[vc_empty_space height=&#8221;20px&#8221;][vc_column_text]<\/p>\n<h3 style=\"text-align: center;\">\u00d6zel Filtre<br \/>\n\u00dcretimi<\/h3>\n<p>[\/vc_column_text][vc_separator type=&#8221;normal&#8221; color=&#8221;#d8d8d8&#8243;][vc_empty_space height=&#8221;20px&#8221;][\/vc_column][\/vc_row][vc_row css_animation=&#8221;&#8221; row_type=&#8221;row&#8221; use_row_as_full_screen_section=&#8221;no&#8221; type=&#8221;grid&#8221; angled_section=&#8221;no&#8221; text_align=&#8221;left&#8221; background_image_as_pattern=&#8221;without_pattern&#8221; z_index=&#8221;&#8221; css=&#8221;.vc_custom_1682680896707{background-color: #ffffff !important;}&#8221;][vc_column width=&#8221;1\/5&#8243;]<div class='image_hover ' style='' data-transition-delay=''><div class='images_holder'><a itemprop='url' href='https:\/\/mersglobal.com\/tr\/pliseli-torba-filtreler\/' target='_self'><img itemprop='image' class='active_image ' src='https:\/\/mersglobal.com\/wp-content\/uploads\/2023\/04\/pliseli_torba_filtre-mers.png' alt='' style='' \/><img itemprop='image' class='hover_image' src='https:\/\/mersglobal.com\/wp-content\/uploads\/2023\/04\/pliseli_torba_filtre-mers-.png' alt='' style='' \/><\/a><\/div><\/div>[vc_empty_space height=&#8221;20px&#8221;][vc_column_text]<\/p>\n<h3 style=\"text-align: center;\">Pliseli Torba<br \/>\nFiltreler<\/h3>\n<p>[\/vc_column_text][vc_separator type=&#8221;normal&#8221; color=&#8221;#d8d8d8&#8243;][vc_empty_space height=&#8221;20px&#8221;][\/vc_column][vc_column width=&#8221;1\/5&#8243;]<div class='image_hover ' style='' data-transition-delay=''><div class='images_holder'><a itemprop='url' href='https:\/\/mersglobal.com\/tr\/?page_id=2604&amp;preview=true' target='_self'><img itemprop='image' class='active_image ' src='https:\/\/mersglobal.com\/wp-content\/uploads\/2023\/04\/silo_filtre_v-min.png' alt='' style='' \/><img itemprop='image' class='hover_image' src='https:\/\/mersglobal.com\/wp-content\/uploads\/2023\/04\/silo_filtre_v-copy-min.png' alt='' style='' \/><\/a><\/div><\/div>[vc_empty_space height=&#8221;20px&#8221;][vc_column_text]<\/p>\n<h3 style=\"text-align: center;\">Silo<br \/>\nFiltreleri<\/h3>\n<p>[\/vc_column_text][vc_separator type=&#8221;normal&#8221; color=&#8221;#d8d8d8&#8243;][vc_empty_space height=&#8221;20px&#8221;][\/vc_column][vc_column width=&#8221;1\/5&#8243;]<div class='image_hover ' style='' data-transition-delay=''><div class='images_holder'><a itemprop='url' href='https:\/\/mersglobal.com\/tr\/?page_id=2607&amp;preview=true' target='_self'><img itemprop='image' class='active_image ' src='https:\/\/mersglobal.com\/wp-content\/uploads\/2023\/04\/krom_filtre-mers.png' alt='' style='' \/><img itemprop='image' class='hover_image' src='https:\/\/mersglobal.com\/wp-content\/uploads\/2023\/04\/krom_filtre-mers-.png' alt='' style='' \/><\/a><\/div><\/div>[vc_empty_space height=&#8221;20px&#8221;][vc_column_text]<\/p>\n<h3 style=\"text-align: center;\">Krom<br \/>\nFiltreler<\/h3>\n<p>[\/vc_column_text][vc_separator type=&#8221;normal&#8221; color=&#8221;#d8d8d8&#8243;][vc_empty_space height=&#8221;20px&#8221;][\/vc_column][vc_column width=&#8221;1\/5&#8243;]<div class='image_hover ' style='' data-transition-delay=''><div class='images_holder'><a itemprop='url' href='https:\/\/mersglobal.com\/tr\/havalandirma-filtreleri\/' target='_self'><img itemprop='image' class='active_image ' src='https:\/\/mersglobal.com\/wp-content\/uploads\/2023\/05\/hvac-2.png' alt='' style='' \/><img itemprop='image' class='hover_image' src='https:\/\/mersglobal.com\/wp-content\/uploads\/2023\/05\/hvac-1.png' alt='' style='' \/><\/a><\/div><\/div>[vc_empty_space height=&#8221;20px&#8221;][vc_column_text]<\/p>\n<h3 style=\"text-align: center;\">Havaland\u0131rma<br \/>\nFiltreleri<\/h3>\n<p>[\/vc_column_text][vc_separator type=&#8221;normal&#8221; color=&#8221;#d8d8d8&#8243;][vc_empty_space height=&#8221;20px&#8221;][\/vc_column][vc_column width=&#8221;1\/5&#8243;]<div class='image_hover ' style='' data-transition-delay=''><div class='images_holder'><a itemprop='url' href='https:\/\/mersglobal.com\/tr\/filtrasyon-malzemeleri\/' target='_self'><img itemprop='image' class='active_image ' src='https:\/\/mersglobal.com\/wp-content\/uploads\/2023\/04\/filtrasyon_malzeme_-mers.png' alt='' style='' \/><img itemprop='image' class='hover_image' src='https:\/\/mersglobal.com\/wp-content\/uploads\/2023\/04\/filtrasyon_malzeme_-mers.png-.png' alt='' style='' \/><\/a><\/div><\/div>[vc_empty_space height=&#8221;20px&#8221;][vc_column_text]<\/p>\n<h3 style=\"text-align: center;\">Filtrasyon<br \/>\nMalzemeleri<\/h3>\n<p>[\/vc_column_text][vc_separator type=&#8221;normal&#8221; color=&#8221;#d8d8d8&#8243;][vc_empty_space height=&#8221;20px&#8221;][\/vc_column][\/vc_row]<\/p>\n","protected":false},"excerpt":{"rendered":"<p>[vc_row css_animation=&#8221;&#8221; row_type=&#8221;row&#8221; use_row_as_full_screen_section=&#8221;no&#8221; type=&#8221;grid&#8221; angled_section=&#8221;no&#8221; text_align=&#8221;left&#8221; background_image_as_pattern=&#8221;without_pattern&#8221; z_index=&#8221;&#8221; padding_top=&#8221;110&#8243; padding_bottom=&#8221;20&#8243;][vc_column][vc_row_inner row_type=&#8221;row&#8221; type=&#8221;full_width&#8221; text_align=&#8221;left&#8221; css_animation=&#8221;&#8221;][vc_column_inner width=&#8221;1\/4&#8243;][qode_elements_holder number_of_columns=&#8221;one_column&#8221;][qode_elements_holder_item advanced_animations=&#8221;no&#8221;][vc_gallery interval=&#8221;3&#8243; images=&#8221;5041,5042,5043,5044,5045,5046&#8243; img_size=&#8221;full&#8221; onclick=&#8221;&#8221;][\/qode_elements_holder_item][\/qode_elements_holder][\/vc_column_inner][vc_column_inner width=&#8221;3\/4&#8243;][qode_elements_holder number_of_columns=&#8221;one_column&#8221;][qode_elements_holder_item advanced_animations=&#8221;no&#8221;][vc_column_text] Silo Filtreleri [\/vc_column_text][vc_empty_space height=&#8221;7px&#8221;][vc_column_text] Havaland\u0131rma filtreleri, havan\u0131n depolanan \u00fcr\u00fcnde dola\u015fmas\u0131na izin vermek ve nem olu\u015fumunu \u00f6nlemek i\u00e7in silolarda kullan\u0131lmaktad\u0131r. Bu&#8230;<\/p>\n","protected":false},"author":1,"featured_media":0,"parent":0,"menu_order":0,"comment_status":"closed","ping_status":"closed","template":"full_width.php","meta":{"_monsterinsights_skip_tracking":false,"_monsterinsights_sitenote_active":false,"_monsterinsights_sitenote_note":"","_monsterinsights_sitenote_category":0,"footnotes":""},"class_list":["post-2604","page","type-page","status-publish","hentry"],"aioseo_notices":[],"_links":{"self":[{"href":"https:\/\/mersglobal.com\/tr\/wp-json\/wp\/v2\/pages\/2604","targetHints":{"allow":["GET"]}}],"collection":[{"href":"https:\/\/mersglobal.com\/tr\/wp-json\/wp\/v2\/pages"}],"about":[{"href":"https:\/\/mersglobal.com\/tr\/wp-json\/wp\/v2\/types\/page"}],"author":[{"embeddable":true,"href":"https:\/\/mersglobal.com\/tr\/wp-json\/wp\/v2\/users\/1"}],"replies":[{"embeddable":true,"href":"https:\/\/mersglobal.com\/tr\/wp-json\/wp\/v2\/comments?post=2604"}],"version-history":[{"count":8,"href":"https:\/\/mersglobal.com\/tr\/wp-json\/wp\/v2\/pages\/2604\/revisions"}],"predecessor-version":[{"id":5048,"href":"https:\/\/mersglobal.com\/tr\/wp-json\/wp\/v2\/pages\/2604\/revisions\/5048"}],"wp:attachment":[{"href":"https:\/\/mersglobal.com\/tr\/wp-json\/wp\/v2\/media?parent=2604"}],"curies":[{"name":"wp","href":"https:\/\/api.w.org\/{rel}","templated":true}]}}